{"id":9,"date":"2014-01-07T11:42:14","date_gmt":"2014-01-07T11:42:14","guid":{"rendered":"http:\/\/de.mecavprecision.com\/?page_id=9"},"modified":"2019-10-10T10:40:48","modified_gmt":"2019-10-10T10:40:48","slug":"leistungsangebot","status":"publish","type":"page","link":"https:\/\/de.mecavprecision.com\/?page_id=9","title":{"rendered":"."},"content":{"rendered":"<p dir=\"ltr\"><span style=\"text-decoration: underline;\">Werkstoffe<\/span><\/p>\n<p dir=\"ltr\" style=\"text-align: justify;\">MECAV ist Spezialist f\u00fcr<strong> pr\u00e4zisionsgefertigte Komponenten<\/strong> aus unterschiedlichen Werkstoffen, die mittels <strong>spanabhebenden Verfahren oder Elektroerosion bearbeitet werden: Edelstahl, Spezialstahl, Bronze, Titan, Messing, Aluminium, technische Kunststoffe usw.<\/strong><\/p>\n<p dir=\"ltr\" style=\"text-align: justify;\"><span style=\"text-decoration: underline;\">Verfahren<\/span><\/p>\n<p dir=\"ltr\" style=\"text-align: justify;\">\u2022 <strong>Fr\u00e4sen, Drehen und Schleifen auf speziellen CNC- und handgesteuerten Maschinen<\/strong><\/p>\n<p dir=\"ltr\" style=\"text-align: justify;\"><strong>\u2022 Schneiden durch Elektroerosion mittels Senkerodieren oder Drahterodieren<\/strong><\/p>\n<p dir=\"ltr\" style=\"text-align: justify;\"><strong>\u2022 Drehen mit Durchmessern zwischen 1,5 mm und 800 mm<\/strong><\/p>\n<p dir=\"ltr\" style=\"text-align: justify;\"><strong>\u2022 Drehen mit L\u00e4ngen zwischen 5 mm und 1000 mm<\/strong><\/p>\n<p dir=\"ltr\" style=\"text-align: justify;\"><strong>\u2022 Fr\u00e4sen mit Ma\u00dfen zwischen 3 mm und 2000 mm<\/strong><\/p>\n<p dir=\"ltr\"><span style=\"text-decoration: underline;\">Fertiges Werkst\u00fcck mit Finish<\/span><\/p>\n<p dir=\"ltr\" style=\"text-align: justify;\">Die <strong>mechanischen Komponenten<\/strong> und Baugruppen werden mit der vom Kunden gew\u00fcnschten Oberfl\u00e4chenbearbeitung geliefert: verg\u00fctet (geh\u00e4rtet und angelassen), br\u00fcniert, verzinkt, eloxiert, phosphatiert usw.<\/p>\n<p dir=\"ltr\" style=\"text-align: justify;\">Unser Leistungsangebot umfasst Beratung, Umsetzung und Fertigung von Werkst\u00fccken:<\/p>\n<ul>\n<li dir=\"ltr\" style=\"text-align: justify;\">\n<p dir=\"ltr\"><strong>Pr\u00e4zisiongefertigte Komponenten<\/strong><\/p>\n<\/li>\n<li dir=\"ltr\" style=\"text-align: justify;\">\n<p dir=\"ltr\"><strong>Einzelteile und Kleinserien<\/strong><\/p>\n<\/li>\n<li dir=\"ltr\" style=\"text-align: justify;\">\n<p dir=\"ltr\"><strong>Mechanische Baugruppen<\/strong><\/p>\n<\/li>\n<li dir=\"ltr\" style=\"text-align: justify;\">\n<p dir=\"ltr\"><strong>Fertigungskomponenten: Formen, Matritzen<\/strong><\/p>\n<\/li>\n<li dir=\"ltr\">\n<p dir=\"ltr\" style=\"text-align: justify;\"><strong>Werkzeuge<\/strong><\/p>\n<\/li>\n<\/ul>\n","protected":false},"excerpt":{"rendered":"<p>Werkstoffe MECAV ist Spezialist f\u00fcr pr\u00e4zisionsgefertigte Komponenten aus unterschiedlichen Werkstoffen, die mittels spanabhebenden Verfahren oder Elektroerosion bearbeitet werden: Edelstahl, Spezialstahl, Bronze, Titan, Messing, Aluminium, technische Kunststoffe usw. Verfahren \u2022 Fr\u00e4sen, Drehen und Schleifen auf speziellen CNC- und handgesteuerten Maschinen \u2022 Schneiden durch Elektroerosion mittels Senkerodieren oder Drahterodieren \u2022 Drehen mit Durchmessern zwischen 1,5 mm und [&hellip;]<\/p>\n","protected":false},"author":1,"featured_media":0,"parent":0,"menu_order":0,"comment_status":"open","ping_status":"open","template":"","meta":{"footnotes":""},"class_list":["post-9","page","type-page","status-publish","hentry"],"_links":{"self":[{"href":"https:\/\/de.mecavprecision.com\/index.php?rest_route=\/wp\/v2\/pages\/9","targetHints":{"allow":["GET"]}}],"collection":[{"href":"https:\/\/de.mecavprecision.com\/index.php?rest_route=\/wp\/v2\/pages"}],"about":[{"href":"https:\/\/de.mecavprecision.com\/index.php?rest_route=\/wp\/v2\/types\/page"}],"author":[{"embeddable":true,"href":"https:\/\/de.mecavprecision.com\/index.php?rest_route=\/wp\/v2\/users\/1"}],"replies":[{"embeddable":true,"href":"https:\/\/de.mecavprecision.com\/index.php?rest_route=%2Fwp%2Fv2%2Fcomments&post=9"}],"version-history":[{"count":8,"href":"https:\/\/de.mecavprecision.com\/index.php?rest_route=\/wp\/v2\/pages\/9\/revisions"}],"predecessor-version":[{"id":126,"href":"https:\/\/de.mecavprecision.com\/index.php?rest_route=\/wp\/v2\/pages\/9\/revisions\/126"}],"wp:attachment":[{"href":"https:\/\/de.mecavprecision.com\/index.php?rest_route=%2Fwp%2Fv2%2Fmedia&parent=9"}],"curies":[{"name":"wp","href":"https:\/\/api.w.org\/{rel}","templated":true}]}}